{"id":13910,"date":"2026-04-08T14:30:02","date_gmt":"2026-04-08T12:30:02","guid":{"rendered":"https:\/\/lachinelle.be\/volunteer\/"},"modified":"2026-04-08T14:30:05","modified_gmt":"2026-04-08T12:30:05","slug":"volunteer","status":"publish","type":"page","link":"https:\/\/lachinelle.be\/en\/volunteer\/","title":{"rendered":"Volunteer"},"content":{"rendered":"<p><div class=\"fusion-fullwidth fullwidth-box fusion-builder-row-1 fusion-flex-container has-pattern-background has-mask-background fusion-parallax-none nonhundred-percent-fullwidth non-hundred-percent-height-scrolling lazyload\" style=\"--awb-border-radius-top-left:0px;--awb-border-radius-top-right:0px;--awb-border-radius-bottom-right:0px;--awb-border-radius-bottom-left:0px;--awb-margin-top:-60px;--awb-margin-bottom:50px;--awb-min-height:40vh;--awb-background-size:cover;--awb-flex-wrap:wrap;\" data-bg=\"https:\/\/lachinelle.be\/wp-content\/uploads\/2026\/03\/benevole_3-1.jpg\" ><div class=\"fusion-builder-row fusion-row fusion-flex-align-items-flex-start fusion-flex-content-wrap\" style=\"max-width:1185.6px;margin-left: calc(-4% \/ 2 );margin-right: calc(-4% \/ 2 );\"><div class=\"fusion-layout-column fusion_builder_column fusion-builder-column-0 fusion_builder_column_1_1 1_1 fusion-flex-column\" style=\"--awb-bg-size:cover;--awb-width-large:100%;--awb-margin-top-large:0px;--awb-spacing-right-large:1.92%;--awb-margin-bottom-large:20px;--awb-spacing-left-large:1.92%;--awb-width-medium:100%;--awb-order-medium:0;--awb-spacing-right-medium:1.92%;--awb-spacing-left-medium:1.92%;--awb-width-small:100%;--awb-order-small:0;--awb-spacing-right-small:1.92%;--awb-spacing-left-small:1.92%;\"><div class=\"fusion-column-wrapper fusion-column-has-shadow fusion-flex-justify-content-flex-start fusion-content-layout-column\"><\/div><\/div><\/div><\/div><div class=\"fusion-fullwidth fullwidth-box fusion-builder-row-2 fusion-flex-container nonhundred-percent-fullwidth non-hundred-percent-height-scrolling\" style=\"--awb-border-radius-top-left:0px;--awb-border-radius-top-right:0px;--awb-border-radius-bottom-right:0px;--awb-border-radius-bottom-left:0px;--awb-flex-wrap:wrap;\" ><div class=\"fusion-builder-row fusion-row fusion-flex-align-items-flex-start fusion-flex-content-wrap\" style=\"max-width:1185.6px;margin-left: calc(-4% \/ 2 );margin-right: calc(-4% \/ 2 );\"><div class=\"fusion-layout-column fusion_builder_column fusion-builder-column-1 fusion_builder_column_1_4 1_4 fusion-flex-column\" style=\"--awb-bg-size:cover;--awb-width-large:25%;--awb-margin-top-large:0px;--awb-spacing-right-large:7.68%;--awb-margin-bottom-large:20px;--awb-spacing-left-large:7.68%;--awb-width-medium:100%;--awb-spacing-right-medium:1.92%;--awb-spacing-left-medium:1.92%;--awb-width-small:100%;--awb-spacing-right-small:1.92%;--awb-spacing-left-small:1.92%;\"><div class=\"fusion-column-wrapper fusion-flex-justify-content-flex-start fusion-content-layout-column\"><div class=\"fusion-text fusion-text-1\"><h3 class=\"\" style=\"--fontsize: 22; line-height: 1.45; --minfontsize: 22;\" data-fontsize=\"22\" data-lineheight=\"31.9px\"><\/h3><\/p>\n<\/div><\/div><\/div><div class=\"fusion-layout-column fusion_builder_column fusion-builder-column-2 fusion_builder_column_1_2 1_2 fusion-flex-column\" style=\"--awb-bg-size:cover;--awb-width-large:50%;--awb-margin-top-large:0px;--awb-spacing-right-large:3.84%;--awb-margin-bottom-large:20px;--awb-spacing-left-large:3.84%;--awb-width-medium:100%;--awb-spacing-right-medium:1.92%;--awb-spacing-left-medium:1.92%;--awb-width-small:100%;--awb-spacing-right-small:1.92%;--awb-spacing-left-small:1.92%;\"><div class=\"fusion-column-wrapper fusion-flex-justify-content-flex-start fusion-content-layout-column\"><div class=\"fusion-text fusion-text-2\"><script type=\"text\/javascript\">\n\/* <![CDATA[ *\/\nvar gform;gform||(document.addEventListener(\"gform_main_scripts_loaded\",function(){gform.scriptsLoaded=!0}),document.addEventListener(\"gform\/theme\/scripts_loaded\",function(){gform.themeScriptsLoaded=!0}),window.addEventListener(\"DOMContentLoaded\",function(){gform.domLoaded=!0}),gform={domLoaded:!1,scriptsLoaded:!1,themeScriptsLoaded:!1,isFormEditor:()=>\"function\"==typeof InitializeEditor,callIfLoaded:function(o){return!(!gform.domLoaded||!gform.scriptsLoaded||!gform.themeScriptsLoaded&&!gform.isFormEditor()||(gform.isFormEditor()&&console.warn(\"The use of gform.initializeOnLoaded() is deprecated in the form editor context and will be removed in Gravity Forms 3.1.\"),o(),0))},initializeOnLoaded:function(o){gform.callIfLoaded(o)||(document.addEventListener(\"gform_main_scripts_loaded\",()=>{gform.scriptsLoaded=!0,gform.callIfLoaded(o)}),document.addEventListener(\"gform\/theme\/scripts_loaded\",()=>{gform.themeScriptsLoaded=!0,gform.callIfLoaded(o)}),window.addEventListener(\"DOMContentLoaded\",()=>{gform.domLoaded=!0,gform.callIfLoaded(o)}))},hooks:{action:{},filter:{}},addAction:function(o,r,e,t){gform.addHook(\"action\",o,r,e,t)},addFilter:function(o,r,e,t){gform.addHook(\"filter\",o,r,e,t)},doAction:function(o){gform.doHook(\"action\",o,arguments)},applyFilters:function(o){return gform.doHook(\"filter\",o,arguments)},removeAction:function(o,r){gform.removeHook(\"action\",o,r)},removeFilter:function(o,r,e){gform.removeHook(\"filter\",o,r,e)},addHook:function(o,r,e,t,n){null==gform.hooks[o][r]&&(gform.hooks[o][r]=[]);var d=gform.hooks[o][r];null==n&&(n=r+\"_\"+d.length),gform.hooks[o][r].push({tag:n,callable:e,priority:t=null==t?10:t})},doHook:function(r,o,e){var t;if(e=Array.prototype.slice.call(e,1),null!=gform.hooks[r][o]&&((o=gform.hooks[r][o]).sort(function(o,r){return o.priority-r.priority}),o.forEach(function(o){\"function\"!=typeof(t=o.callable)&&(t=window[t]),\"action\"==r?t.apply(null,e):e[0]=t.apply(null,e)})),\"filter\"==r)return e[0]},removeHook:function(o,r,t,n){var e;null!=gform.hooks[o][r]&&(e=(e=gform.hooks[o][r]).filter(function(o,r,e){return!!(null!=n&&n!=o.tag||null!=t&&t!=o.priority)}),gform.hooks[o][r]=e)}});\n\/* ]]> *\/\n<\/script>\n\n                <div class='gf_browser_gecko gform_wrapper gform_legacy_markup_wrapper gform-theme--no-framework' data-form-theme='legacy' data-form-index='0' id='gform_wrapper_15' ><form method='post' enctype='multipart\/form-data'  id='gform_15'  action='\/en\/wp-json\/wp\/v2\/pages\/13910' data-formid='15' novalidate>\n                        <div class='gform-body gform_body'><ul id='gform_fields_15' class='gform_fields top_label form_sublabel_below description_below validation_below'><li id=\"field_15_8\" class=\"gfield gfield--type-html gfield--input-type-html gfield--width-full gfield_html gfield_html_formatted gfield_no_follows_desc field_sublabel_below gfield--no-description field_description_below field_validation_below gfield_visibility_visible\"  ><h2 data-fontsize=\"36\" style=\"--fontSize: 36;line-height: 1.28\" data-lineheight=\"46.08px\" class=\"fusion-responsive-typography-calculated\">Devenir B\u00e9n\u00e9vole<\/h2>\n\n<p>Vous d\u00e9sirez vivre cette Chinelle de l\u2019int\u00e9rieur et participer \u00e0 la r\u00e9alisation de cette \u00e9preuve mythique&nbsp;?<\/p>\n\n<p>N\u2019h\u00e9sitez pas \u00e0 nous le faire savoir en r\u00e9pondant \u00e0 ce formulaire de candidature.<\/p>\n\n<p>Plusieurs postes disponibles (liste non exhaustive).<\/p>\n<p>Les horaires sont  indicatifs. Merci de pr\u00e9ciser les tranches horaires qui vous conviennent dans le message.<\/p>\n\n<p>Sans Pilotes, il n\u2019y a pas de spectacle. Sans b\u00e9n\u00e9voles, il n\u2019y a pas de Chinelle&nbsp;!<\/p>\n\n<p>Au plaisir de vous rencontrer prochainement.<\/p><\/li><li id=\"field_15_1\" class=\"gfield gfield--type-name gfield--input-type-name gfield_contains_required field_sublabel_below gfield--no-description field_description_below field_validation_below gfield_visibility_visible\"  ><label class='gfield_label gform-field-label gfield_label_before_complex' >Nom<span class=\"gfield_required\"><span class=\"gfield_required gfield_required_asterisk\">*<\/span><\/span><\/label><div class='ginput_complex ginput_container ginput_container--name no_prefix has_first_name no_middle_name has_last_name no_suffix gf_name_has_2 ginput_container_name gform-grid-row' id='input_15_1'>\n                            \n                            <span id='input_15_1_3_container' class='name_first gform-grid-col gform-grid-col--size-auto' >\n                                                    <input type='text' name='input_1.3' id='input_15_1_3' value=''   aria-required='true'     \/>\n                                                    <label for='input_15_1_3' class='gform-field-label gform-field-label--type-sub '>First<\/label>\n                                                <\/span>\n                            \n                            <span id='input_15_1_6_container' class='name_last gform-grid-col gform-grid-col--size-auto' >\n                                                    <input type='text' name='input_1.6' id='input_15_1_6' value=''   aria-required='true'     \/>\n                                                    <label for='input_15_1_6' class='gform-field-label gform-field-label--type-sub '>Last<\/label>\n                                                <\/span>\n                            \n                        <\/div><\/li><li id=\"field_15_2\" class=\"gfield gfield--type-text gfield--input-type-text gfield_contains_required field_sublabel_below gfield--no-description field_description_below field_validation_below gfield_visibility_visible\"  ><label class='gfield_label gform-field-label' for='input_15_2'>T\u00e9l\u00e9phone<span class=\"gfield_required\"><span class=\"gfield_required gfield_required_asterisk\">*<\/span><\/span><\/label><div class='ginput_container ginput_container_text'><input name='input_2' id='input_15_2' type='text' value='' class='large'     aria-required=\"true\" aria-invalid=\"false\"   \/><\/div><\/li><li id=\"field_15_3\" class=\"gfield gfield--type-email gfield--input-type-email gfield_contains_required field_sublabel_below gfield--no-description field_description_below field_validation_below gfield_visibility_visible\"  ><label class='gfield_label gform-field-label gfield_label_before_complex' >E-mail<span class=\"gfield_required\"><span class=\"gfield_required gfield_required_asterisk\">*<\/span><\/span><\/label><div class='ginput_complex ginput_container ginput_container_email gform-grid-row' id='input_15_3_container'>\n                                <span id='input_15_3_1_container' class='ginput_left gform-grid-col gform-grid-col--size-auto'>\n                                    <input class='' type='email' name='input_3' id='input_15_3' value=''    aria-required=\"true\" aria-invalid=\"false\"  \/>\n                                    <label for='input_15_3' class='gform-field-label gform-field-label--type-sub '>Enter Email<\/label>\n                                <\/span>\n                                <span id='input_15_3_2_container' class='ginput_right gform-grid-col gform-grid-col--size-auto'>\n                                    <input class='' type='email' name='input_3_2' id='input_15_3_2' value=''    aria-required=\"true\" aria-invalid=\"false\"  \/>\n                                    <label for='input_15_3_2' class='gform-field-label gform-field-label--type-sub '>Confirm Email<\/label>\n                                <\/span>\n                                <div class='gf_clear gf_clear_complex'><\/div>\n                            <\/div><\/li><li id=\"field_15_7\" class=\"gfield gfield--type-checkbox gfield--type-choice gfield--input-type-checkbox gfield--width-full gfield_contains_required field_sublabel_below gfield--has-description field_description_below field_validation_below gfield_visibility_visible\"  ><label class='gfield_label gform-field-label gfield_label_before_complex' >Choix<span class=\"gfield_required\"><span class=\"gfield_required gfield_required_asterisk\">*<\/span><\/span><\/label><div class='ginput_container ginput_container_checkbox'><ul class='gfield_checkbox' id='input_15_7'><li class='gchoice gchoice_select_all'>\n\t\t\t\t\t\t<input class='gfield-choice-input' type='checkbox' id='choice_7_select_all'   onclick='gformToggleCheckboxes( this )' onkeypress='gformToggleCheckboxes( this )' \/>\n\t\t\t\t\t\t<label for='choice_7_select_all' id='label_7_select_all' class='gform-field-label  gform-field-label--type-inline' data-label-select='Select All' data-label-deselect='Deselect All'>Select All<\/label>\n\t\t\t\t\t<\/li><li class='gchoice gchoice_15_7_1'>\n\t\t\t\t\t\t\t\t<input class='gfield-choice-input' name='input_7.1' type='checkbox'  value='01-Pr\u00e9paratifs Circuit (Weekends pr\u00e9c\u00e9dants l&#039;\u00e9preuve)'  id='choice_15_7_1'   aria-describedby=\"gfield_description_15_7\"\/>\n\t\t\t\t\t\t\t\t<label for='choice_15_7_1' id='label_15_7_1' class='gform-field-label gform-field-label--type-inline'>01-Pr\u00e9paratifs Circuit (Weekends pr\u00e9c\u00e9dants l'\u00e9preuve)<\/label>\n\t\t\t\t\t\t\t<\/li><li class='gchoice gchoice_15_7_2'>\n\t\t\t\t\t\t\t\t<input class='gfield-choice-input' name='input_7.2' type='checkbox'  value='02-Pr\u00e9paratifs kits pilotes et secr\u00e9tariat (1 semaine avant l&#039;\u00e9preuve)'  id='choice_15_7_2'   \/>\n\t\t\t\t\t\t\t\t<label for='choice_15_7_2' id='label_15_7_2' class='gform-field-label gform-field-label--type-inline'>02-Pr\u00e9paratifs kits pilotes et secr\u00e9tariat (1 semaine avant l'\u00e9preuve)<\/label>\n\t\t\t\t\t\t\t<\/li><li class='gchoice gchoice_15_7_3'>\n\t\t\t\t\t\t\t\t<input class='gfield-choice-input' name='input_7.3' type='checkbox'  value='05-Intendance, Nettoyage, etc... (Samedi 09 de 06h30 \u00e0 Dimanche 16h00)'  id='choice_15_7_3'   \/>\n\t\t\t\t\t\t\t\t<label for='choice_15_7_3' id='label_15_7_3' class='gform-field-label gform-field-label--type-inline'>05-Intendance, Nettoyage, etc... (Samedi 09 de 06h30 \u00e0 Dimanche 16h00)<\/label>\n\t\t\t\t\t\t\t<\/li><li class='gchoice gchoice_15_7_4'>\n\t\t\t\t\t\t\t\t<input class='gfield-choice-input' name='input_7.4' type='checkbox'  value='06-Signalisation'  id='choice_15_7_4'   \/>\n\t\t\t\t\t\t\t\t<label for='choice_15_7_4' id='label_15_7_4' class='gform-field-label gform-field-label--type-inline'>06-Signalisation<\/label>\n\t\t\t\t\t\t\t<\/li><li class='gchoice gchoice_15_7_5'>\n\t\t\t\t\t\t\t\t<input class='gfield-choice-input' name='input_7.5' type='checkbox'  value='07-Manutention, placements cuves, barri\u00e8res, groupes, buvettes'  id='choice_15_7_5'   \/>\n\t\t\t\t\t\t\t\t<label for='choice_15_7_5' id='label_15_7_5' class='gform-field-label gform-field-label--type-inline'>07-Manutention, placements cuves, barri\u00e8res, groupes, buvettes<\/label>\n\t\t\t\t\t\t\t<\/li><li class='gchoice gchoice_15_7_6'>\n\t\t\t\t\t\t\t\t<input class='gfield-choice-input' name='input_7.6' type='checkbox'  value='08-Parkings'  id='choice_15_7_6'   \/>\n\t\t\t\t\t\t\t\t<label for='choice_15_7_6' id='label_15_7_6' class='gform-field-label gform-field-label--type-inline'>08-Parkings<\/label>\n\t\t\t\t\t\t\t<\/li><li class='gchoice gchoice_15_7_7'>\n\t\t\t\t\t\t\t\t<input class='gfield-choice-input' name='input_7.7' type='checkbox'  value='09-Camping'  id='choice_15_7_7'   \/>\n\t\t\t\t\t\t\t\t<label for='choice_15_7_7' id='label_15_7_7' class='gform-field-label gform-field-label--type-inline'>09-Camping<\/label>\n\t\t\t\t\t\t\t<\/li><li class='gchoice gchoice_15_7_8'>\n\t\t\t\t\t\t\t\t<input class='gfield-choice-input' name='input_7.8' type='checkbox'  value='11-Ravitaillement buvettes (Samedi 09 de 06h30 \u00e0 Dimanche 16h00)'  id='choice_15_7_8'   \/>\n\t\t\t\t\t\t\t\t<label for='choice_15_7_8' id='label_15_7_8' class='gform-field-label gform-field-label--type-inline'>11-Ravitaillement buvettes (Samedi 09 de 06h30 \u00e0 Dimanche 16h00)<\/label>\n\t\t\t\t\t\t\t<\/li><li class='gchoice gchoice_15_7_9'>\n\t\t\t\t\t\t\t\t<input class='gfield-choice-input' name='input_7.9' type='checkbox'  value='12-Rangement Mat\u00e9riel Sp\u00e9cifique (Dimanche 10\/08 \u00e0 partir de 11h)'  id='choice_15_7_9'   \/>\n\t\t\t\t\t\t\t\t<label for='choice_15_7_9' id='label_15_7_9' class='gform-field-label gform-field-label--type-inline'>12-Rangement Mat\u00e9riel Sp\u00e9cifique (Dimanche 10\/08 \u00e0 partir de 11h)<\/label>\n\t\t\t\t\t\t\t<\/li><li class='gchoice gchoice_15_7_11'>\n\t\t\t\t\t\t\t\t<input class='gfield-choice-input' name='input_7.11' type='checkbox'  value='13-Demontage Circuit, Nettoyage (Lundi 11\/08 au vendredi 15\/08)'  id='choice_15_7_11'   \/>\n\t\t\t\t\t\t\t\t<label for='choice_15_7_11' id='label_15_7_11' class='gform-field-label gform-field-label--type-inline'>13-Demontage Circuit, Nettoyage (Lundi 11\/08 au vendredi 15\/08)<\/label>\n\t\t\t\t\t\t\t<\/li><li class='gchoice gchoice_15_7_12'>\n\t\t\t\t\t\t\t\t<input class='gfield-choice-input' name='input_7.12' type='checkbox'  value='99-Autre (Pas de pr\u00e9f\u00e9rence)'  id='choice_15_7_12'   \/>\n\t\t\t\t\t\t\t\t<label for='choice_15_7_12' id='label_15_7_12' class='gform-field-label gform-field-label--type-inline'>99-Autre (Pas de pr\u00e9f\u00e9rence)<\/label>\n\t\t\t\t\t\t\t<\/li><\/ul><\/div><div class='gfield_description' id='gfield_description_15_7'>S\u00e9lectionnez votre\/vos choix<\/div><\/li><li id=\"field_15_9\" class=\"gfield gfield--type-text gfield--input-type-text gfield--width-full field_sublabel_below gfield--no-description field_description_below field_validation_below gfield_visibility_visible\"  ><label class='gfield_label gform-field-label' for='input_15_9'>Num\u00e9ro de registre national<\/label><div class='ginput_container ginput_container_text'><input name='input_9' id='input_15_9' type='text' value='00.00.00-000.00' class='large'      aria-invalid=\"false\"   \/><\/div><\/li><li id=\"field_15_5\" class=\"gfield gfield--type-textarea gfield--input-type-textarea field_sublabel_below gfield--no-description field_description_below field_validation_below gfield_visibility_visible\"  ><label class='gfield_label gform-field-label' for='input_15_5'>Message<\/label><div class='ginput_container ginput_container_textarea'><textarea name='input_5' id='input_15_5' class='textarea large'      aria-invalid=\"false\"   rows='10' cols='50'><\/textarea><\/div><\/li><li id=\"field_15_6\" class=\"gfield gfield--type-captcha gfield--input-type-captcha field_sublabel_below gfield--no-description field_description_below field_validation_below gfield_visibility_visible\"  ><label class='gfield_label gform-field-label' for='input_15_6'>CAPTCHA<\/label><div id='input_15_6' class='ginput_container ginput_recaptcha' data-sitekey='6Lcd3d0UAAAAAOkZwLf2fnRrxVESEXr6dUs_w8Dq'  data-theme='light' data-tabindex='-1' data-size='invisible' data-badge='bottomright'><\/div><\/li><\/ul><\/div>\n        <div class='gform-footer gform_footer top_label'> <input type='submit' id='gform_submit_button_15' class='gform_button button' onclick='gform.submission.handleButtonClick(this);' data-submission-type='submit' value='Envoyer'  \/> \n            <input type='hidden' class='gform_hidden' name='gform_submission_method' data-js='gform_submission_method_15' value='postback' \/>\n            <input type='hidden' class='gform_hidden' name='gform_theme' data-js='gform_theme_15' id='gform_theme_15' value='legacy' \/>\n            <input type='hidden' class='gform_hidden' name='gform_style_settings' data-js='gform_style_settings_15' id='gform_style_settings_15' value='[]' \/>\n            <input type='hidden' class='gform_hidden' name='is_submit_15' value='1' \/>\n            <input type='hidden' class='gform_hidden' name='gform_submit' value='15' \/>\n            \n            <input type='hidden' class='gform_hidden' name='gform_currency' data-currency='EUR' value='SAhlZmQ7YCW6lqtMTV2Tc8tCedx\/\/oA3TWc87zDJ2siiJyOKSCmiL+Z0NDA79u2PFxDCfiRNaa+gsRlBZtLBQnDSCc+Z7MiiDT9ESiow3si99AQ=' \/>\n            <input type='hidden' class='gform_hidden' name='gform_unique_id' value='' \/>\n            <input type='hidden' class='gform_hidden' name='state_15' value='WyJbXSIsImU4MzMwMWRhNDJmOTE5ZmQwYWU5MWVjMDI5NWY4YjZiIl0=' \/>\n            <input type='hidden' autocomplete='off' class='gform_hidden' name='gform_target_page_number_15' id='gform_target_page_number_15' value='0' \/>\n            <input type='hidden' autocomplete='off' class='gform_hidden' name='gform_source_page_number_15' id='gform_source_page_number_15' value='1' \/>\n            <input type='hidden' name='gform_field_values' value='' \/>\n            \n        <\/div>\n                        <\/form>\n                        <\/div><script type=\"text\/javascript\">\n\/* <![CDATA[ *\/\n gform.initializeOnLoaded( function() {gformInitSpinner( 15, 'https:\/\/lachinelle.be\/wp-content\/plugins\/gravityforms\/images\/spinner.svg', true );jQuery('#gform_ajax_frame_15').on('load',function(){var contents = jQuery(this).contents().find('*').html();var is_postback = contents.indexOf('GF_AJAX_POSTBACK') >= 0;if(!is_postback){return;}var form_content = jQuery(this).contents().find('#gform_wrapper_15');var is_confirmation = jQuery(this).contents().find('#gform_confirmation_wrapper_15').length > 0;var is_redirect = contents.indexOf('gformRedirect(){') >= 0;var is_form = form_content.length > 0 && ! is_redirect && ! is_confirmation;var mt = parseInt(jQuery('html').css('margin-top'), 10) + parseInt(jQuery('body').css('margin-top'), 10) + 100;if(is_form){jQuery('#gform_wrapper_15').html(form_content.html());if(form_content.hasClass('gform_validation_error')){jQuery('#gform_wrapper_15').addClass('gform_validation_error');} else {jQuery('#gform_wrapper_15').removeClass('gform_validation_error');}setTimeout( function() { \/* delay the scroll by 50 milliseconds to fix a bug in chrome *\/  }, 50 );if(window['gformInitDatepicker']) {gformInitDatepicker();}if(window['gformInitPriceFields']) {gformInitPriceFields();}var current_page = jQuery('#gform_source_page_number_15').val();gformInitSpinner( 15, 'https:\/\/lachinelle.be\/wp-content\/plugins\/gravityforms\/images\/spinner.svg', true );jQuery(document).trigger('gform_page_loaded', [15, current_page]);window['gf_submitting_15'] = false;}else if(!is_redirect){var confirmation_content = jQuery(this).contents().find('.GF_AJAX_POSTBACK').html();if(!confirmation_content){confirmation_content = contents;}jQuery('#gform_wrapper_15').replaceWith(confirmation_content);jQuery(document).trigger('gform_confirmation_loaded', [15]);window['gf_submitting_15'] = false;wp.a11y.speak(jQuery('#gform_confirmation_message_15').text());}else{jQuery('#gform_15').append(contents);if(window['gformRedirect']) {gformRedirect();}}jQuery(document).trigger(\"gform_pre_post_render\", [{ formId: \"15\", currentPage: \"current_page\", abort: function() { this.preventDefault(); } }]);        if (event && event.defaultPrevented) {                return;        }        const gformWrapperDiv = document.getElementById( \"gform_wrapper_15\" );        if ( gformWrapperDiv ) {            const visibilitySpan = document.createElement( \"span\" );            visibilitySpan.id = \"gform_visibility_test_15\";            gformWrapperDiv.insertAdjacentElement( \"afterend\", visibilitySpan );        }        const visibilityTestDiv = document.getElementById( \"gform_visibility_test_15\" );        let postRenderFired = false;        function triggerPostRender() {            if ( postRenderFired ) {                return;            }            postRenderFired = true;            gform.core.triggerPostRenderEvents( 15, current_page );            if ( visibilityTestDiv ) {                visibilityTestDiv.parentNode.removeChild( visibilityTestDiv );            }        }        function debounce( func, wait, immediate ) {            var timeout;            return function() {                var context = this, args = arguments;                var later = function() {                    timeout = null;                    if ( !immediate ) func.apply( context, args );                };                var callNow = immediate && !timeout;                clearTimeout( timeout );                timeout = setTimeout( later, wait );                if ( callNow ) func.apply( context, args );            };        }        const debouncedTriggerPostRender = debounce( function() {            triggerPostRender();        }, 200 );        if ( visibilityTestDiv && visibilityTestDiv.offsetParent === null ) {            const observer = new MutationObserver( ( mutations ) => {                mutations.forEach( ( mutation ) => {                    if ( mutation.type === 'attributes' && visibilityTestDiv.offsetParent !== null ) {                        debouncedTriggerPostRender();                        observer.disconnect();                    }                });            });            observer.observe( document.body, {                attributes: true,                childList: false,                subtree: true,                attributeFilter: [ 'style', 'class' ],            });        } else {            triggerPostRender();        }    } );} ); \n\/* ]]> *\/\n<\/script>\n\n<\/div><\/div><\/div><div class=\"fusion-layout-column fusion_builder_column fusion-builder-column-3 fusion_builder_column_1_4 1_4 fusion-flex-column\" style=\"--awb-bg-size:cover;--awb-width-large:25%;--awb-margin-top-large:0px;--awb-spacing-right-large:7.68%;--awb-margin-bottom-large:20px;--awb-spacing-left-large:7.68%;--awb-width-medium:100%;--awb-spacing-right-medium:1.92%;--awb-spacing-left-medium:1.92%;--awb-width-small:100%;--awb-spacing-right-small:1.92%;--awb-spacing-left-small:1.92%;\"><div class=\"fusion-column-wrapper fusion-flex-justify-content-flex-start fusion-content-layout-column\"><\/div><\/div><\/div><\/div><\/p>\n","protected":false},"excerpt":{"rendered":"","protected":false},"author":1,"featured_media":0,"parent":0,"menu_order":2,"comment_status":"closed","ping_status":"closed","template":"100-width.php","meta":{"footnotes":""},"class_list":["post-13910","page","type-page","status-publish","hentry"],"_links":{"self":[{"href":"https:\/\/lachinelle.be\/en\/wp-json\/wp\/v2\/pages\/13910","targetHints":{"allow":["GET"]}}],"collection":[{"href":"https:\/\/lachinelle.be\/en\/wp-json\/wp\/v2\/pages"}],"about":[{"href":"https:\/\/lachinelle.be\/en\/wp-json\/wp\/v2\/types\/page"}],"author":[{"embeddable":true,"href":"https:\/\/lachinelle.be\/en\/wp-json\/wp\/v2\/users\/1"}],"replies":[{"embeddable":true,"href":"https:\/\/lachinelle.be\/en\/wp-json\/wp\/v2\/comments?post=13910"}],"version-history":[{"count":5,"href":"https:\/\/lachinelle.be\/en\/wp-json\/wp\/v2\/pages\/13910\/revisions"}],"predecessor-version":[{"id":13915,"href":"https:\/\/lachinelle.be\/en\/wp-json\/wp\/v2\/pages\/13910\/revisions\/13915"}],"wp:attachment":[{"href":"https:\/\/lachinelle.be\/en\/wp-json\/wp\/v2\/media?parent=13910"}],"curies":[{"name":"wp","href":"https:\/\/api.w.org\/{rel}","templated":true}]}}